{"id":25072,"date":"2025-01-15T12:13:00","date_gmt":"2025-01-15T12:13:00","guid":{"rendered":"https:\/\/libriamoci.cepell.it\/II\/?page_id=25072"},"modified":"2025-11-28T12:07:30","modified_gmt":"2025-11-28T12:07:30","slug":"contatti","status":"publish","type":"page","link":"https:\/\/libriamoci.cepell.it\/II\/?page_id=25072","title":{"rendered":"Contatti"},"content":{"rendered":"<p><strong><span style=\"color: #ff0000;\">Info<\/span><span style=\"color: #ff0000;\"><br \/>\n<\/span><\/strong><strong>libriamoci@cultura.gov.it | 06 32389301<\/strong><\/p>\n<p><span style=\"color: #ff0000;\"><strong>Segreteria organizzativa<\/strong><br \/>\n<\/span><strong>segreteria@libriamoci.info | 02 45475230<\/strong><\/p>\n<p><strong>Referenti Diretti<\/strong><\/p>\n<p>Elena Asquini:\u00a0<strong>Lazio,\u00a0Marche,\u00a0Sardegna,\u00a0Valle d\u2019Aosta,\u00a0Veneto<\/strong><br \/>\n(e.asquini@libriamoci.info\u00a0\u2013 351 4671435)<\/p>\n<p>Alessandra Donadoni:\u00a0<strong>Basilicata,\u00a0Molise<\/strong><br \/>\n(a.donadoni@libriamoci.info\u00a0\u2013 351 3869568)<\/p>\n<p>Cristina Gallotti:\u00a0<strong>Liguria,\u00a0Lombardia,\u00a0Puglia,\u00a0Toscana<\/strong><br \/>\n(c.gallotti@libriamoci.info\u00a0\u2013 351 9473746)<\/p>\n<p>Elena Gazzin:\u00a0<strong>Emilia-Romagna,\u00a0Friuli-Venezia Giulia,\u00a0Piemonte,\u00a0Umbria<\/strong><br \/>\n(e.gazzin@libriamoci.info\u00a0\u2013 334 1280662)<\/p>\n<p>Letizia Tarricone:\u00a0<strong>Abruzzo,\u00a0Calabria,\u00a0Campania,\u00a0Sicilia,\u00a0Trentino-Alto Adige<\/strong><br \/>\n(l.tarricone@libriamoci.info\u00a0\u2013 334 3416596)<\/p>\n<p>\n<span style=\"color: #ff0000;\"><strong>Assistenza tecnica<\/strong><br \/>\n<\/span><strong>libriamociascuola@gmail.com | 06 32389338<\/strong><br \/>\nIl numero di telefono \u00e8 attivo nelle giornate di <strong>luned\u00ec, marted\u00ec e venerd\u00ec dalle ore 9 alle ore 17<\/strong><\/p>\n","protected":false},"excerpt":{"rendered":"<p>Info libriamoci@cultura.gov.it | 06 32389301 Segreteria organizzativa segreteria@libriamoci.info | 02 45475230 Referenti Diretti Elena Asquini:\u00a0Lazio,\u00a0Marche,\u00a0Sardegna,\u00a0Valle d\u2019Aosta,\u00a0Veneto (e.asquini@libriamoci.info\u00a0\u2013 351 4671435) Alessandra [&hellip;]<\/p>\n","protected":false},"author":1,"featured_media":0,"parent":0,"menu_order":0,"comment_status":"closed","ping_status":"closed","template":"","meta":{"_links_to":"","_links_to_target":""},"acf":[],"_links":{"self":[{"href":"https:\/\/libriamoci.cepell.it\/II\/index.php?rest_route=\/wp\/v2\/pages\/25072"}],"collection":[{"href":"https:\/\/libriamoci.cepell.it\/II\/index.php?rest_route=\/wp\/v2\/pages"}],"about":[{"href":"https:\/\/libriamoci.cepell.it\/II\/index.php?rest_route=\/wp\/v2\/types\/page"}],"author":[{"embeddable":true,"href":"https:\/\/libriamoci.cepell.it\/II\/index.php?rest_route=\/wp\/v2\/users\/1"}],"replies":[{"embeddable":true,"href":"https:\/\/libriamoci.cepell.it\/II\/index.php?rest_route=%2Fwp%2Fv2%2Fcomments&post=25072"}],"version-history":[{"count":24,"href":"https:\/\/libriamoci.cepell.it\/II\/index.php?rest_route=\/wp\/v2\/pages\/25072\/revisions"}],"predecessor-version":[{"id":25772,"href":"https:\/\/libriamoci.cepell.it\/II\/index.php?rest_route=\/wp\/v2\/pages\/25072\/revisions\/25772"}],"wp:attachment":[{"href":"https:\/\/libriamoci.cepell.it\/II\/index.php?rest_route=%2Fwp%2Fv2%2Fmedia&parent=25072"}],"curies":[{"name":"wp","href":"https:\/\/api.w.org\/{rel}","templated":true}]}}